{"id":8,"date":"2024-05-24T16:53:34","date_gmt":"2024-05-24T16:53:34","guid":{"rendered":"https:\/\/kristinawirsching.de\/?page_id=8"},"modified":"2025-11-13T20:41:53","modified_gmt":"2025-11-13T20:41:53","slug":"welcome","status":"publish","type":"page","link":"https:\/\/kristinawirsching.de\/","title":{"rendered":"Willkommen im Dialogarium"},"content":{"rendered":"\n<p class=\"has-medium-font-size\">Im Dialogarium praktizieren wir die Kunst des Dialoges mit allem Lebendigem. <br><br>Miteinander kultivieren wir Dialogf\u00e4higkeit f\u00fcr eine zukunfts-offene Dialogkultur &#8211; denn das moderne Denken hat uns vom Dialog entfernt.<\/p>\n\n\n\n<p class=\"has-medium-font-size\">Wir als Menschheit brauchen den Dialog dringend, und der Dialog braucht uns: er braucht offene, empf\u00e4ngliche K\u00f6pfe und K\u00f6rper, und er braucht eine Sprache, die Raum l\u00e4sst und frei von Erwartung und Polarisierung ist. Dialog findet n\u00e4mlich auch im Zwischenraum statt. Im Dazwischen kann die Zukunft landen, sprechen und tanzen. <br>Die Zeit ist reif &#8211; f\u00fcr verlebendigende Dialoge, die neue Denk- und Handelsr\u00e4ume er\u00f6ffnen und die Zukunft einladen. <br><br>Lasst uns gemeinsam den \u00dcbergang vom modernen Denken ins lebendige Denken wagen &#8211; ich und mein Team begleiten dich und deine Projekte sehr gerne auf dem Weg in ein zukunftsf\u00e4higes Denken &amp; Sprechen! <br><br>Ich freue mich auf eine gemeinsame poetisch-dialogische Praxis*. <br><br>Kristina Kleo &amp; Team<\/p>\n\n\n\n<p class=\"has-medium-font-size\"><br><\/p>\n\n\n\n<p class=\"has-medium-font-size\">Nach und nach werde ich hier die Dialogarium-Praktiken ausf\u00fchrlicher vorstellen, sowie meine Essays und Gedichte hier einpflegen&#8230;<\/p>\n\n\n\n<p class=\"has-medium-font-size\"><\/p>\n\n\n\n<p><\/p>\n\n\n\n<p><\/p>\n\n\n\n<p style=\"border-width:30px;margin-top:var(--wp--preset--spacing--20);margin-right:var(--wp--preset--spacing--20);margin-bottom:var(--wp--preset--spacing--20);margin-left:var(--wp--preset--spacing--20);padding-top:var(--wp--preset--spacing--20);padding-right:var(--wp--preset--spacing--20);padding-bottom:var(--wp--preset--spacing--20);padding-left:var(--wp--preset--spacing--20)\"><\/p>\n\n\n\n<p><\/p>\n\n\n\n<blockquote class=\"wp-block-quote is-layout-flow wp-block-quote-is-layout-flow\">\n<p class=\"has-small-font-size\"><strong>Der Verstand trennt. Das poetische Denken verbindet.<\/strong><\/p>\n\n\n\n<p class=\"has-small-font-size\">Andreas Weber<\/p>\n<\/blockquote>\n\n\n\n<p>                                                                                                                                                                                           .<\/p>\n\n\n\n<p><\/p>\n\n\n\n<p class=\"has-medium-font-size\">*Info zu meinem Forschungsraum Sch\u00f6pferisches Miteinander findest du hier: www.kristina.loewenherz.online<\/p>\n\n\n\n<p><\/p>\n\n\n\n<p class=\"has-text-align-right has-small-font-size\">kontakt[ at ]kristinawirsching.de<br><\/p>\n\n\n\n<p><\/p>\n\n\n\n<p class=\"has-text-align-right has-medium-font-size\"><\/p>\n\n\n\n<p><\/p>\n\n\n\n<p><\/p>\n\n\n\n<p><\/p>\n\n\n\n<p><\/p>\n","protected":false},"excerpt":{"rendered":"<p>Im Dialogarium praktizieren wir die Kunst des Dialoges mit allem Lebendigem. Miteinander kultivieren wir Dialogf\u00e4higkeit f\u00fcr eine zukunfts-offene Dialogkultur &#8211; denn das moderne Denken hat uns vom Dialog entfernt. Wir als Menschheit brauchen den Dialog dringend, und der Dialog braucht uns: er braucht offene, empf\u00e4ngliche K\u00f6pfe und K\u00f6rper, und er braucht eine Sprache, die Raum [&hellip;]<\/p>\n","protected":false},"author":1,"featured_media":0,"parent":0,"menu_order":0,"comment_status":"closed","ping_status":"closed","template":"","meta":{"zakra_page_container_layout":"contained","zakra_page_sidebar_layout":"no_sidebar","zakra_remove_content_margin":false,"zakra_sidebar":"customizer","zakra_transparent_header":"customizer","zakra_logo":0,"zakra_main_header_style":"default","zakra_menu_item_color":"","zakra_menu_item_hover_color":"","zakra_menu_item_active_color":"","zakra_menu_active_style":"","zakra_page_header":true,"footnotes":""},"class_list":["post-8","page","type-page","status-publish","hentry"],"_links":{"self":[{"href":"https:\/\/kristinawirsching.de\/index.php\/wp-json\/wp\/v2\/pages\/8","targetHints":{"allow":["GET"]}}],"collection":[{"href":"https:\/\/kristinawirsching.de\/index.php\/wp-json\/wp\/v2\/pages"}],"about":[{"href":"https:\/\/kristinawirsching.de\/index.php\/wp-json\/wp\/v2\/types\/page"}],"author":[{"embeddable":true,"href":"https:\/\/kristinawirsching.de\/index.php\/wp-json\/wp\/v2\/users\/1"}],"replies":[{"embeddable":true,"href":"https:\/\/kristinawirsching.de\/index.php\/wp-json\/wp\/v2\/comments?post=8"}],"version-history":[{"count":29,"href":"https:\/\/kristinawirsching.de\/index.php\/wp-json\/wp\/v2\/pages\/8\/revisions"}],"predecessor-version":[{"id":117,"href":"https:\/\/kristinawirsching.de\/index.php\/wp-json\/wp\/v2\/pages\/8\/revisions\/117"}],"wp:attachment":[{"href":"https:\/\/kristinawirsching.de\/index.php\/wp-json\/wp\/v2\/media?parent=8"}],"curies":[{"name":"wp","href":"https:\/\/api.w.org\/{rel}","templated":true}]}}